{"id":16,"date":"2023-11-26T08:01:24","date_gmt":"2023-11-26T07:01:24","guid":{"rendered":"http:\/\/36351.web.zcom.it\/?page_id=16"},"modified":"2025-01-24T19:33:11","modified_gmt":"2025-01-24T18:33:11","slug":"konditionen","status":"publish","type":"page","link":"https:\/\/www.hotelsunvalley.it\/de\/konditionen\/","title":{"rendered":"Unsere Stornobedingungen"},"content":{"rendered":"<div data-elementor-type=\"wp-page\" data-elementor-id=\"16\" class=\"elementor elementor-16\" data-elementor-post-type=\"page\">\n\t\t\t\t<div class=\"elementor-element elementor-element-60158a31 e-flex e-con-boxed e-con e-parent\" data-id=\"60158a31\" data-element_type=\"container\" data-e-type=\"container\">\n\t\t\t\t\t<div class=\"e-con-inner\">\n\t\t\t\t<div class=\"elementor-element elementor-element-77992718 elementor-widget elementor-widget-text-editor\" data-id=\"77992718\" data-element_type=\"widget\" data-e-type=\"widget\" data-widget_type=\"text-editor.default\">\n\t\t\t\t<div class=\"elementor-widget-container\">\n\t\t\t\t\t\t\t\t\t\n<p>Wir empfehlen den Abschluss einer Reiseversicherung gleichzeitig mit der auf der Homepage angebotenen Reservierung.<\/p>\n<p>\u00a0<\/p>\n\n<p>Bis zu 30 Tagen vor Anreise wird das Angeld f\u00fcr einen zuk\u00fcnftigen Urlaub einbehalten.<\/p>\n<p>Von 30 bis zu 20 Tagen vor Anreise wird das Angeld einbehalten.<\/p>\n<p>Ab 20 Tagen vor Anreise wird der Gesamtbetrag berechnet.<\/p>\n\t\t\t\t\t\t\t\t<\/div>\n\t\t\t\t<\/div>\n\t\t\t\t\t<\/div>\n\t\t\t\t<\/div>\n\t\t<div class=\"elementor-element elementor-element-eebde6e e-flex e-con-boxed e-con e-parent\" data-id=\"eebde6e\" data-element_type=\"container\" data-e-type=\"container\">\n\t\t\t\t\t<div class=\"e-con-inner\">\n\t\t\t\t<div class=\"elementor-element elementor-element-9e81f09 elementor-widget elementor-widget-text-editor\" data-id=\"9e81f09\" data-element_type=\"widget\" data-e-type=\"widget\" data-widget_type=\"text-editor.default\">\n\t\t\t\t<div class=\"elementor-widget-container\">\n\t\t\t\t\t\t\t\t\t<h6>Inklusivleistungen<\/h6>\t\t\t\t\t\t\t\t<\/div>\n\t\t\t\t<\/div>\n\t\t\t\t<div class=\"elementor-element elementor-element-52d20a2 elementor-widget elementor-widget-n-accordion\" data-id=\"52d20a2\" data-element_type=\"widget\" data-e-type=\"widget\" data-settings=\"{&quot;default_state&quot;:&quot;all_collapsed&quot;,&quot;max_items_expended&quot;:&quot;one&quot;,&quot;n_accordion_animation_duration&quot;:{&quot;unit&quot;:&quot;ms&quot;,&quot;size&quot;:400,&quot;sizes&quot;:[]}}\" data-widget_type=\"nested-accordion.default\">\n\t\t\t\t<div class=\"elementor-widget-container\">\n\t\t\t\t\t\t\t<div class=\"e-n-accordion\" aria-label=\"Accordion. Open links with Enter or Space, close with Escape, and navigate with Arrow Keys\">\n\t\t\t\t\t\t<details id=\"e-n-accordion-item-8680\" class=\"e-n-accordion-item\" >\n\t\t\t\t<summary class=\"e-n-accordion-item-title\" data-accordion-index=\"1\" tabindex=\"0\" aria-expanded=\"false\" aria-controls=\"e-n-accordion-item-8680\" >\n\t\t\t\t\t<span class='e-n-accordion-item-title-header'><div class=\"e-n-accordion-item-title-text\"> Hotel <\/div><\/span>\n\t\t\t\t\t\t\t<span class='e-n-accordion-item-title-icon'>\n\t\t\t<span class='e-opened' ><svg aria-hidden=\"true\" class=\"e-font-icon-svg e-fas-minus\" viewbox=\"0 0 448 512\" xmlns=\"http:\/\/www.w3.org\/2000\/svg\"><path d=\"M416 208H32c-17.67 0-32 14.33-32 32v32c0 17.67 14.33 32 32 32h384c17.67 0 32-14.33 32-32v-32c0-17.67-14.33-32-32-32z\"><\/path><\/svg><\/span>\n\t\t\t<span class='e-closed'><svg aria-hidden=\"true\" class=\"e-font-icon-svg e-fas-plus\" viewbox=\"0 0 448 512\" xmlns=\"http:\/\/www.w3.org\/2000\/svg\"><path d=\"M416 208H272V64c0-17.67-14.33-32-32-32h-32c-17.67 0-32 14.33-32 32v144H32c-17.67 0-32 14.33-32 32v32c0 17.67 14.33 32 32 32h144v144c0 17.67 14.33 32 32 32h32c17.67 0 32-14.33 32-32V304h144c17.67 0 32-14.33 32-32v-32c0-17.67-14.33-32-32-32z\"><\/path><\/svg><\/span>\n\t\t<\/span>\n\n\t\t\t\t\t\t<\/summary>\n\t\t\t\t<div role=\"region\" aria-labelledby=\"e-n-accordion-item-8680\" class=\"elementor-element elementor-element-e73f382 e-con-full e-flex e-con e-child\" data-id=\"e73f382\" data-element_type=\"container\" data-e-type=\"container\" data-settings=\"{&quot;background_background&quot;:&quot;classic&quot;}\">\n\t\t\t\t<div class=\"elementor-element elementor-element-615fe08 elementor-widget elementor-widget-text-editor\" data-id=\"615fe08\" data-element_type=\"widget\" data-e-type=\"widget\" data-widget_type=\"text-editor.default\">\n\t\t\t\t<div class=\"elementor-widget-container\">\n\t\t\t\t\t\t\t\t\t<p>Das Angebot inkludiert unsere Halbpension\u2026 zum Genie\u00dfen:<\/p><p><em>\/ Reichhaltiges Fr\u00fchst\u00fccksbuffet mit Vollkorn-Bioecke, \u00e0 la carte Eierspezialit\u00e4ten und allem was das Herz begehrt<\/em><br \/><em>\/ T\u00e4gliches Salat- &amp; Gem\u00fcsebuffet mit w\u00fcrzigen Dressings, K\u00e4sesortiment<\/em><br \/><em>\/ Abends kulinarisches Genie\u00dfermenu mit vielf\u00e4ltiger Auswahl an Ladinischen, italienischen und internationalen K\u00f6stlichkeiten, vegetarischen Gerichten und vielem mehr<\/em><br \/><em>\/ Willkommensdrink<\/em><\/p><p>\u00a0<\/p><p>Und au\u00dferdem viele weitere Annehmlichkeiten:<\/p><p><em>\/ Kartenmaterial und Wanderbrosch\u00fcre mit detaillierten Informationen<\/em><br \/><em>\/ WLAN im ganzen Haus (kostenlos)<\/em><br \/><em>\/ Tiefgarage<\/em><br \/><em>\/ Indoor Ski-Depot im Winter<\/em><br \/><em>\/ Indoor Bike-Depot im Sommer<\/em><br \/><em>\/ Kinderspielraum<\/em><br \/><em>\/ Mobil card<\/em><\/p>\t\t\t\t\t\t\t\t<\/div>\n\t\t\t\t<\/div>\n\t\t\t\t<\/div>\n\t\t\t\t\t<\/details>\n\t\t\t\t\t\t<details id=\"e-n-accordion-item-8681\" class=\"e-n-accordion-item\" >\n\t\t\t\t<summary class=\"e-n-accordion-item-title\" data-accordion-index=\"2\" tabindex=\"-1\" aria-expanded=\"false\" aria-controls=\"e-n-accordion-item-8681\" >\n\t\t\t\t\t<span class='e-n-accordion-item-title-header'><div class=\"e-n-accordion-item-title-text\"> Spa <\/div><\/span>\n\t\t\t\t\t\t\t<span class='e-n-accordion-item-title-icon'>\n\t\t\t<span class='e-opened' ><svg aria-hidden=\"true\" class=\"e-font-icon-svg e-fas-minus\" viewbox=\"0 0 448 512\" xmlns=\"http:\/\/www.w3.org\/2000\/svg\"><path d=\"M416 208H32c-17.67 0-32 14.33-32 32v32c0 17.67 14.33 32 32 32h384c17.67 0 32-14.33 32-32v-32c0-17.67-14.33-32-32-32z\"><\/path><\/svg><\/span>\n\t\t\t<span class='e-closed'><svg aria-hidden=\"true\" class=\"e-font-icon-svg e-fas-plus\" viewbox=\"0 0 448 512\" xmlns=\"http:\/\/www.w3.org\/2000\/svg\"><path d=\"M416 208H272V64c0-17.67-14.33-32-32-32h-32c-17.67 0-32 14.33-32 32v144H32c-17.67 0-32 14.33-32 32v32c0 17.67 14.33 32 32 32h144v144c0 17.67 14.33 32 32 32h32c17.67 0 32-14.33 32-32V304h144c17.67 0 32-14.33 32-32v-32c0-17.67-14.33-32-32-32z\"><\/path><\/svg><\/span>\n\t\t<\/span>\n\n\t\t\t\t\t\t<\/summary>\n\t\t\t\t<div role=\"region\" aria-labelledby=\"e-n-accordion-item-8681\" class=\"elementor-element elementor-element-bf4bbae e-con-full e-flex e-con e-child\" data-id=\"bf4bbae\" data-element_type=\"container\" data-e-type=\"container\" data-settings=\"{&quot;background_background&quot;:&quot;classic&quot;}\">\n\t\t\t\t<div class=\"elementor-element elementor-element-cc84a21 elementor-widget elementor-widget-text-editor\" data-id=\"cc84a21\" data-element_type=\"widget\" data-e-type=\"widget\" data-widget_type=\"text-editor.default\">\n\t\t\t\t<div class=\"elementor-widget-container\">\n\t\t\t\t\t\t\t\t\t<p>Unser Wellness &amp; SPA Bereich \u201eAlpine\u201c\u2026 zum Entspannen:<\/p><p><em>\/ Panorama-Indoor-Pool (30\u00b0) mit Wasserfall und separatem Whirlpool (34\u00b0)<\/em><br \/><em>\/ Saunawelt mit Tiroler Stubensauna, Brechelbad mit frischen Tannenzweigen und T\u00fcrkischem Dampfbad<\/em><br \/><em>\/ Erlebnisdusche mit Fruchtessenz<\/em><br \/><em>\/ Ruheoase mit Wasserliegen und heimischen Zirbelholzbetten, sowie Liegewiese im Sommer mit Dolomitenblick<\/em><br \/><em>\/ Wellnesstasche im Zimmer mit kuscheligem Bademantel, Saunahandtuch und Slippers<\/em><br \/><em>\/ Vanity Set von Aloe Vera<\/em><br \/><em>\/ Frigidarium, der erfrischende Alpine-Luft-Bereich<\/em><br \/><em>\/ Entspannende Detox-Tees im Saunabereich<\/em><\/p>\t\t\t\t\t\t\t\t<\/div>\n\t\t\t\t<\/div>\n\t\t\t\t<\/div>\n\t\t\t\t\t<\/details>\n\t\t\t\t\t\t<details id=\"e-n-accordion-item-8682\" class=\"e-n-accordion-item\" >\n\t\t\t\t<summary class=\"e-n-accordion-item-title\" data-accordion-index=\"3\" tabindex=\"-1\" aria-expanded=\"false\" aria-controls=\"e-n-accordion-item-8682\" >\n\t\t\t\t\t<span class='e-n-accordion-item-title-header'><div class=\"e-n-accordion-item-title-text\"> Active <\/div><\/span>\n\t\t\t\t\t\t\t<span class='e-n-accordion-item-title-icon'>\n\t\t\t<span class='e-opened' ><svg aria-hidden=\"true\" class=\"e-font-icon-svg e-fas-minus\" viewbox=\"0 0 448 512\" xmlns=\"http:\/\/www.w3.org\/2000\/svg\"><path d=\"M416 208H32c-17.67 0-32 14.33-32 32v32c0 17.67 14.33 32 32 32h384c17.67 0 32-14.33 32-32v-32c0-17.67-14.33-32-32-32z\"><\/path><\/svg><\/span>\n\t\t\t<span class='e-closed'><svg aria-hidden=\"true\" class=\"e-font-icon-svg e-fas-plus\" viewbox=\"0 0 448 512\" xmlns=\"http:\/\/www.w3.org\/2000\/svg\"><path d=\"M416 208H272V64c0-17.67-14.33-32-32-32h-32c-17.67 0-32 14.33-32 32v144H32c-17.67 0-32 14.33-32 32v32c0 17.67 14.33 32 32 32h144v144c0 17.67 14.33 32 32 32h32c17.67 0 32-14.33 32-32V304h144c17.67 0 32-14.33 32-32v-32c0-17.67-14.33-32-32-32z\"><\/path><\/svg><\/span>\n\t\t<\/span>\n\n\t\t\t\t\t\t<\/summary>\n\t\t\t\t<div role=\"region\" aria-labelledby=\"e-n-accordion-item-8682\" class=\"elementor-element elementor-element-d6e2213 e-con-full e-flex e-con e-child\" data-id=\"d6e2213\" data-element_type=\"container\" data-e-type=\"container\" data-settings=\"{&quot;background_background&quot;:&quot;classic&quot;}\">\n\t\t\t\t<div class=\"elementor-element elementor-element-0302209 elementor-widget elementor-widget-text-editor\" data-id=\"0302209\" data-element_type=\"widget\" data-e-type=\"widget\" data-widget_type=\"text-editor.default\">\n\t\t\t\t<div class=\"elementor-widget-container\">\n\t\t\t\t\t\t\t\t\t<p>Wir sind \"Selva Active Partner\"\u2026 zum Erleben:<\/p><p><em>\/ Als Partner k\u00f6nnen Sie kostenlos oder zu einem erm\u00e4\u00dfigten Preis an dem Sportprogramm teilnehmen.<\/em><\/p><p>\u00a0<\/p><p>Entdecken Sie die Dolomiten zusammen mit den Selva Active Guides auf Wanderungen, Mountainbiketouren, Skitouren, Skibergsteigen, Schneeschuhwandern und vielem mehr.<\/p>\t\t\t\t\t\t\t\t<\/div>\n\t\t\t\t<\/div>\n\t\t\t\t<\/div>\n\t\t\t\t\t<\/details>\n\t\t\t\t\t<\/div>\n\t\t\t\t\t\t<\/div>\n\t\t\t\t<\/div>\n\t\t\t\t\t<\/div>\n\t\t\t\t<\/div>\n\t\t\t\t<\/div>","protected":false},"excerpt":{"rendered":"<p>Raccomandiamo di stipulare l&#8217;assicurazione viaggi in contemporanea con la prenotazione proposta sulla homepage. \u00a0 Fino a 30 giorni prima dell\u2019arrivo&hellip; <a class=\"more-link\" href=\"https:\/\/www.hotelsunvalley.it\/de\/konditionen\/\">Read more &raquo;<\/a><\/p>","protected":false},"author":1,"featured_media":0,"parent":0,"menu_order":0,"comment_status":"closed","ping_status":"closed","template":"","meta":{"footnotes":""},"class_list":["post-16","page","type-page","status-publish","hentry"],"aioseo_notices":[],"_links":{"self":[{"href":"https:\/\/www.hotelsunvalley.it\/de\/wp-json\/wp\/v2\/pages\/16","targetHints":{"allow":["GET"]}}],"collection":[{"href":"https:\/\/www.hotelsunvalley.it\/de\/wp-json\/wp\/v2\/pages"}],"about":[{"href":"https:\/\/www.hotelsunvalley.it\/de\/wp-json\/wp\/v2\/types\/page"}],"author":[{"embeddable":true,"href":"https:\/\/www.hotelsunvalley.it\/de\/wp-json\/wp\/v2\/users\/1"}],"replies":[{"embeddable":true,"href":"https:\/\/www.hotelsunvalley.it\/de\/wp-json\/wp\/v2\/comments?post=16"}],"version-history":[{"count":14,"href":"https:\/\/www.hotelsunvalley.it\/de\/wp-json\/wp\/v2\/pages\/16\/revisions"}],"predecessor-version":[{"id":6632,"href":"https:\/\/www.hotelsunvalley.it\/de\/wp-json\/wp\/v2\/pages\/16\/revisions\/6632"}],"wp:attachment":[{"href":"https:\/\/www.hotelsunvalley.it\/de\/wp-json\/wp\/v2\/media?parent=16"}],"curies":[{"name":"wp","href":"https:\/\/api.w.org\/{rel}","templated":true}]}}