{"id":3223,"date":"2024-11-05T13:33:44","date_gmt":"2024-11-05T12:33:44","guid":{"rendered":"http:\/\/36351.web.zcom.it\/camere-2\/"},"modified":"2025-01-21T23:43:47","modified_gmt":"2025-01-21T22:43:47","slug":"angebote","status":"publish","type":"page","link":"https:\/\/www.hotelsunvalley.it\/de\/angebote\/","title":{"rendered":"Angebote"},"content":{"rendered":"<div data-elementor-type=\"wp-page\" data-elementor-id=\"3223\" class=\"elementor elementor-3223\" data-elementor-post-type=\"page\">\n\t\t\t\t<div class=\"elementor-element elementor-element-4845093 e-flex e-con-boxed e-con e-parent\" data-id=\"4845093\" data-element_type=\"container\" data-e-type=\"container\">\n\t\t\t\t\t<div class=\"e-con-inner\">\n\t\t\t\t<div class=\"elementor-element elementor-element-8977abf elementor-widget elementor-widget-pth-elementor-blog-creative\" data-id=\"8977abf\" data-element_type=\"widget\" data-e-type=\"widget\" data-widget_type=\"pth-elementor-blog-creative.default\">\n\t\t\t\t<div class=\"elementor-widget-container\">\n\t\t\t\t\t\n\t\t\t\n\t\t\t\t<div class=\"pth-posts pth-posts--creative\">\n\n\t\t\t\t\t\n<div class=\"pth-posts__inner pth-fitrows\">\n\n\t\n\t\n<div class=\"pth-post post-6378 post type-post status-publish format-standard has-post-thumbnail hentry category-estate category-offerte\">\n\t<div class=\"pth-post__inner\" data-scroll>\n\t\t<a href=\"https:\/\/www.hotelsunvalley.it\/de\/dolomiti-active-days\/\" class=\"pth-post__wrap\">\n\n\t\t\t\t\t\t\t<div class=\"pth-post__media\">\n\t\t\t\t\t<img loading=\"lazy\" decoding=\"async\" width=\"1024\" height=\"1024\" src=\"data:image\/gif;base64,R0lGODlhAQABAIAAAAAAAP\/\/\/yH5BAEAAAAALAAAAAABAAEAAAIBRAA7\" data-src=\"https:\/\/www.hotelsunvalley.it\/wp-content\/uploads\/2024\/10\/DSC07971-scaled-1-1024x1024.jpg\" class=\"attachment-pth-square-large size-pth-square-large wp-post-image lazyload\" alt=\"\" sizes=\"auto, (min-width: 1666px) 1000px, (min-width: 1100px) 60vw, (min-width: 783px) 70vw, 84vw\" data-srcset=\"https:\/\/www.hotelsunvalley.it\/wp-content\/uploads\/2024\/10\/DSC07971-scaled-1-1024x1024.jpg 1024w, https:\/\/www.hotelsunvalley.it\/wp-content\/uploads\/2024\/10\/DSC07971-scaled-1-160x160.jpg 160w, https:\/\/www.hotelsunvalley.it\/wp-content\/uploads\/2024\/10\/DSC07971-scaled-1-480x480.jpg 480w, https:\/\/www.hotelsunvalley.it\/wp-content\/uploads\/2024\/10\/DSC07971-scaled-1-768x768.jpg 768w, https:\/\/www.hotelsunvalley.it\/wp-content\/uploads\/2024\/10\/DSC07971-scaled-1-1400x1400.jpg 1400w\" \/><noscript><img loading=\"lazy\" decoding=\"async\" width=\"1024\" height=\"1024\" src=\"https:\/\/www.hotelsunvalley.it\/wp-content\/uploads\/2024\/10\/DSC07971-scaled-1-1024x1024.jpg\" class=\"attachment-pth-square-large size-pth-square-large wp-post-image lazyload\" alt=\"\" sizes=\"auto, (min-width: 1666px) 1000px, (min-width: 1100px) 60vw, (min-width: 783px) 70vw, 84vw\" srcset=\"https:\/\/www.hotelsunvalley.it\/wp-content\/uploads\/2024\/10\/DSC07971-scaled-1-1024x1024.jpg 1024w, https:\/\/www.hotelsunvalley.it\/wp-content\/uploads\/2024\/10\/DSC07971-scaled-1-160x160.jpg 160w, https:\/\/www.hotelsunvalley.it\/wp-content\/uploads\/2024\/10\/DSC07971-scaled-1-480x480.jpg 480w, https:\/\/www.hotelsunvalley.it\/wp-content\/uploads\/2024\/10\/DSC07971-scaled-1-768x768.jpg 768w, https:\/\/www.hotelsunvalley.it\/wp-content\/uploads\/2024\/10\/DSC07971-scaled-1-1400x1400.jpg 1400w\" \/><\/noscript>\t\t\t\t<\/div>\n\t\t\t\n\t\t\t<div class=\"pth-post__info\">\n\n\t\t\t\t\t\t\t\t\t<div class=\"pth-post__meta-cat\">\n\t\t\t\t\t\t\t\t\t\t\t\t<span>Sommer<\/span><span>Angebote<\/span>\t\t\t\t\t<\/div>\n\t\t\t\t\n\t\t\t\t<div class=\"pth-post__heading\"><h2>Dolomiti Active Days <p>13.06. &#8211; 21.06.2026<\/p><\/h2><\/div>\n\t\t\t\t<div class=\"pth-post__meta-date\" title=\"2:30 a.m.\"><span>Oktober 24, 2024<\/span><span>Zum Angebot<span><\/span><\/span><\/div>\n\t\t\t<\/div>\n\t\t<\/a>\n\t<\/div>\n<\/div>\n<div class=\"pth-post post-7609 post type-post status-publish format-standard has-post-thumbnail hentry category-estate category-offerte\">\n\t<div class=\"pth-post__inner\" data-scroll>\n\t\t<a href=\"https:\/\/www.hotelsunvalley.it\/de\/magia-delle-dolomiti-04-07-12-07-2026-19-09-27-09-2026\/\" class=\"pth-post__wrap\">\n\n\t\t\t\t\t\t\t<div class=\"pth-post__media\">\n\t\t\t\t\t<img loading=\"lazy\" decoding=\"async\" width=\"1024\" height=\"835\" src=\"data:image\/gif;base64,R0lGODlhAQABAIAAAAAAAP\/\/\/yH5BAEAAAAALAAAAAABAAEAAAIBRAA7\" data-src=\"https:\/\/www.hotelsunvalley.it\/wp-content\/uploads\/2025\/05\/Sommer-Aktiv-Biken-2-1-1-1024x835.jpg\" class=\"attachment-pth-square-large size-pth-square-large wp-post-image lazyload\" alt=\"\" \/><noscript><img loading=\"lazy\" decoding=\"async\" width=\"1024\" height=\"835\" src=\"https:\/\/www.hotelsunvalley.it\/wp-content\/uploads\/2025\/05\/Sommer-Aktiv-Biken-2-1-1-1024x835.jpg\" class=\"attachment-pth-square-large size-pth-square-large wp-post-image lazyload\" alt=\"\" \/><\/noscript>\t\t\t\t<\/div>\n\t\t\t\n\t\t\t<div class=\"pth-post__info\">\n\n\t\t\t\t\t\t\t\t\t<div class=\"pth-post__meta-cat\">\n\t\t\t\t\t\t\t\t\t\t\t\t<span>Sommer<\/span><span>Angebote<\/span>\t\t\t\t\t<\/div>\n\t\t\t\t\n\t\t\t\t<div class=\"pth-post__heading\"><h2>Magie der Dolomiten <p>04.07. &#8211; 12.07.2026 | 19.09. &#8211; 27.09.2026<\/p><\/h2><\/div>\n\t\t\t\t<div class=\"pth-post__meta-date\" title=\"2:00 a.m.\"><span>Oktober 24, 2024<\/span><span>Zum Angebot<span><\/span><\/span><\/div>\n\t\t\t<\/div>\n\t\t<\/a>\n\t<\/div>\n<\/div>\n<div class=\"pth-post post-6386 post type-post status-publish format-standard has-post-thumbnail hentry category-estate category-offerte\">\n\t<div class=\"pth-post__inner\" data-scroll>\n\t\t<a href=\"https:\/\/www.hotelsunvalley.it\/de\/magia-delle-dolomiti\/\" class=\"pth-post__wrap\">\n\n\t\t\t\t\t\t\t<div class=\"pth-post__media\">\n\t\t\t\t\t<img loading=\"lazy\" decoding=\"async\" width=\"1024\" height=\"900\" src=\"data:image\/gif;base64,R0lGODlhAQABAIAAAAAAAP\/\/\/yH5BAEAAAAALAAAAAABAAEAAAIBRAA7\" data-src=\"https:\/\/www.hotelsunvalley.it\/wp-content\/uploads\/2022\/09\/jpg-10-1024x900.jpeg\" class=\"attachment-pth-square-large size-pth-square-large wp-post-image lazyload\" alt=\"\" \/><noscript><img loading=\"lazy\" decoding=\"async\" width=\"1024\" height=\"900\" src=\"https:\/\/www.hotelsunvalley.it\/wp-content\/uploads\/2022\/09\/jpg-10-1024x900.jpeg\" class=\"attachment-pth-square-large size-pth-square-large wp-post-image lazyload\" alt=\"\" \/><\/noscript>\t\t\t\t<\/div>\n\t\t\t\n\t\t\t<div class=\"pth-post__info\">\n\n\t\t\t\t\t\t\t\t\t<div class=\"pth-post__meta-cat\">\n\t\t\t\t\t\t\t\t\t\t\t\t<span>Sommer<\/span><span>Angebote<\/span>\t\t\t\t\t<\/div>\n\t\t\t\t\n\t\t\t\t<div class=\"pth-post__heading\"><h2>Magie der Dolomiten <p>25.07. &#8211; 02.08.2026<\/p><\/h2><\/div>\n\t\t\t\t<div class=\"pth-post__meta-date\" title=\"1:30 a.m.\"><span>Oktober 24, 2024<\/span><span>Zum Angebot<span><\/span><\/span><\/div>\n\t\t\t<\/div>\n\t\t<\/a>\n\t<\/div>\n<\/div>\n<div class=\"pth-post post-7670 post type-post status-publish format-standard has-post-thumbnail hentry category-estate category-offerte\">\n\t<div class=\"pth-post__inner\" data-scroll>\n\t\t<a href=\"https:\/\/www.hotelsunvalley.it\/de\/dolomiti-active-day-05-09-13-09-2026\/\" class=\"pth-post__wrap\">\n\n\t\t\t\t\t\t\t<div class=\"pth-post__media\">\n\t\t\t\t\t<img loading=\"lazy\" decoding=\"async\" width=\"1024\" height=\"1024\" src=\"data:image\/gif;base64,R0lGODlhAQABAIAAAAAAAP\/\/\/yH5BAEAAAAALAAAAAABAAEAAAIBRAA7\" data-src=\"https:\/\/www.hotelsunvalley.it\/wp-content\/uploads\/2022\/09\/vista-balbone-laterale-passeggiata--1024x1024.jpg\" class=\"attachment-pth-square-large size-pth-square-large wp-post-image lazyload\" alt=\"\" sizes=\"auto, (min-width: 1666px) 1000px, (min-width: 1100px) 60vw, (min-width: 783px) 70vw, 84vw\" data-srcset=\"https:\/\/www.hotelsunvalley.it\/wp-content\/uploads\/2022\/09\/vista-balbone-laterale-passeggiata--1024x1024.jpg 1024w, https:\/\/www.hotelsunvalley.it\/wp-content\/uploads\/2022\/09\/vista-balbone-laterale-passeggiata--160x160.jpg 160w, https:\/\/www.hotelsunvalley.it\/wp-content\/uploads\/2022\/09\/vista-balbone-laterale-passeggiata--480x480.jpg 480w, https:\/\/www.hotelsunvalley.it\/wp-content\/uploads\/2022\/09\/vista-balbone-laterale-passeggiata--768x768.jpg 768w, https:\/\/www.hotelsunvalley.it\/wp-content\/uploads\/2022\/09\/vista-balbone-laterale-passeggiata--1400x1400.jpg 1400w, https:\/\/www.hotelsunvalley.it\/wp-content\/uploads\/2022\/09\/vista-balbone-laterale-passeggiata--1920x1920.jpg 1920w, https:\/\/www.hotelsunvalley.it\/wp-content\/uploads\/2022\/09\/vista-balbone-laterale-passeggiata--100x100.jpg 100w\" \/><noscript><img loading=\"lazy\" decoding=\"async\" width=\"1024\" height=\"1024\" src=\"https:\/\/www.hotelsunvalley.it\/wp-content\/uploads\/2022\/09\/vista-balbone-laterale-passeggiata--1024x1024.jpg\" class=\"attachment-pth-square-large size-pth-square-large wp-post-image lazyload\" alt=\"\" sizes=\"auto, (min-width: 1666px) 1000px, (min-width: 1100px) 60vw, (min-width: 783px) 70vw, 84vw\" srcset=\"https:\/\/www.hotelsunvalley.it\/wp-content\/uploads\/2022\/09\/vista-balbone-laterale-passeggiata--1024x1024.jpg 1024w, https:\/\/www.hotelsunvalley.it\/wp-content\/uploads\/2022\/09\/vista-balbone-laterale-passeggiata--160x160.jpg 160w, https:\/\/www.hotelsunvalley.it\/wp-content\/uploads\/2022\/09\/vista-balbone-laterale-passeggiata--480x480.jpg 480w, https:\/\/www.hotelsunvalley.it\/wp-content\/uploads\/2022\/09\/vista-balbone-laterale-passeggiata--768x768.jpg 768w, https:\/\/www.hotelsunvalley.it\/wp-content\/uploads\/2022\/09\/vista-balbone-laterale-passeggiata--1400x1400.jpg 1400w, https:\/\/www.hotelsunvalley.it\/wp-content\/uploads\/2022\/09\/vista-balbone-laterale-passeggiata--1920x1920.jpg 1920w, https:\/\/www.hotelsunvalley.it\/wp-content\/uploads\/2022\/09\/vista-balbone-laterale-passeggiata--100x100.jpg 100w\" \/><\/noscript>\t\t\t\t<\/div>\n\t\t\t\n\t\t\t<div class=\"pth-post__info\">\n\n\t\t\t\t\t\t\t\t\t<div class=\"pth-post__meta-cat\">\n\t\t\t\t\t\t\t\t\t\t\t\t<span>Sommer<\/span><span>Angebote<\/span>\t\t\t\t\t<\/div>\n\t\t\t\t\n\t\t\t\t<div class=\"pth-post__heading\"><h2>Dolomiti Active Days <p>05.09. &#8211; 13.09.2026<\/p><\/h2><\/div>\n\t\t\t\t<div class=\"pth-post__meta-date\" title=\"9:03 a.m.\"><span>April 27, 2020<\/span><span>Zum Angebot<span><\/span><\/span><\/div>\n\t\t\t<\/div>\n\t\t<\/a>\n\t<\/div>\n<\/div>\n<\/div>\n\n\n\t\t\t\t<\/div>\n\n\t\t\t\n\t\t\t\t\t\t<\/div>\n\t\t\t\t<\/div>\n\t\t\t\t\t<\/div>\n\t\t\t\t<\/div>\n\t\t<div class=\"elementor-element elementor-element-c6ad9c4 e-flex e-con-boxed e-con e-parent\" data-id=\"c6ad9c4\" data-element_type=\"container\" data-e-type=\"container\">\n\t\t\t\t\t<div class=\"e-con-inner\">\n\t\t\t\t<div class=\"elementor-element elementor-element-0907a52 elementor-widget elementor-widget-text-editor\" data-id=\"0907a52\" data-element_type=\"widget\" data-e-type=\"widget\" data-widget_type=\"text-editor.default\">\n\t\t\t\t<div class=\"elementor-widget-container\">\n\t\t\t\t\t\t\t\t\t<h6>Inklusivleistungen<\/h6>\t\t\t\t\t\t\t\t<\/div>\n\t\t\t\t<\/div>\n\t\t\t\t<div class=\"elementor-element elementor-element-fe67f6b elementor-widget elementor-widget-n-accordion\" data-id=\"fe67f6b\" data-element_type=\"widget\" data-e-type=\"widget\" data-settings=\"{&quot;default_state&quot;:&quot;all_collapsed&quot;,&quot;max_items_expended&quot;:&quot;one&quot;,&quot;n_accordion_animation_duration&quot;:{&quot;unit&quot;:&quot;ms&quot;,&quot;size&quot;:400,&quot;sizes&quot;:[]}}\" data-widget_type=\"nested-accordion.default\">\n\t\t\t\t<div class=\"elementor-widget-container\">\n\t\t\t\t\t\t\t<div class=\"e-n-accordion\" aria-label=\"Accordion. Open links with Enter or Space, close with Escape, and navigate with Arrow Keys\">\n\t\t\t\t\t\t<details id=\"e-n-accordion-item-2660\" class=\"e-n-accordion-item\" >\n\t\t\t\t<summary class=\"e-n-accordion-item-title\" data-accordion-index=\"1\" tabindex=\"0\" aria-expanded=\"false\" aria-controls=\"e-n-accordion-item-2660\" >\n\t\t\t\t\t<span class='e-n-accordion-item-title-header'><div class=\"e-n-accordion-item-title-text\"> Hotel <\/div><\/span>\n\t\t\t\t\t\t\t<span class='e-n-accordion-item-title-icon'>\n\t\t\t<span class='e-opened' ><svg aria-hidden=\"true\" class=\"e-font-icon-svg e-fas-minus\" viewbox=\"0 0 448 512\" xmlns=\"http:\/\/www.w3.org\/2000\/svg\"><path d=\"M416 208H32c-17.67 0-32 14.33-32 32v32c0 17.67 14.33 32 32 32h384c17.67 0 32-14.33 32-32v-32c0-17.67-14.33-32-32-32z\"><\/path><\/svg><\/span>\n\t\t\t<span class='e-closed'><svg aria-hidden=\"true\" class=\"e-font-icon-svg e-fas-plus\" viewbox=\"0 0 448 512\" xmlns=\"http:\/\/www.w3.org\/2000\/svg\"><path d=\"M416 208H272V64c0-17.67-14.33-32-32-32h-32c-17.67 0-32 14.33-32 32v144H32c-17.67 0-32 14.33-32 32v32c0 17.67 14.33 32 32 32h144v144c0 17.67 14.33 32 32 32h32c17.67 0 32-14.33 32-32V304h144c17.67 0 32-14.33 32-32v-32c0-17.67-14.33-32-32-32z\"><\/path><\/svg><\/span>\n\t\t<\/span>\n\n\t\t\t\t\t\t<\/summary>\n\t\t\t\t<div role=\"region\" aria-labelledby=\"e-n-accordion-item-2660\" class=\"elementor-element elementor-element-7c0eba6 e-con-full e-flex e-con e-child\" data-id=\"7c0eba6\" data-element_type=\"container\" data-e-type=\"container\" data-settings=\"{&quot;background_background&quot;:&quot;classic&quot;}\">\n\t\t\t\t<div class=\"elementor-element elementor-element-ddf5e43 elementor-widget elementor-widget-text-editor\" data-id=\"ddf5e43\" data-element_type=\"widget\" data-e-type=\"widget\" data-widget_type=\"text-editor.default\">\n\t\t\t\t<div class=\"elementor-widget-container\">\n\t\t\t\t\t\t\t\t\t<p>Das Angebot inkludiert unsere Halbpension\u2026 zum Genie\u00dfen:<\/p><p><em>\/ Reichhaltiges Fr\u00fchst\u00fccksbuffet mit Vollkorn-Bioecke, \u00e0 la carte Eierspezialit\u00e4ten und allem was das Herz begehrt<\/em><br \/><em>\/ T\u00e4gliches Salat- &amp; Gem\u00fcsebuffet mit w\u00fcrzigen Dressings, K\u00e4sesortiment<\/em><br \/><em>\/ Abends kulinarisches Genie\u00dfermenu mit vielf\u00e4ltiger Auswahl an Ladinischen, italienischen und internationalen K\u00f6stlichkeiten, vegetarischen Gerichten und vielem mehr<\/em><br \/><em>\/ Willkommensdrink<\/em><\/p><p>\u00a0<\/p><p>Und au\u00dferdem viele weitere Annehmlichkeiten:<\/p><p><em>\/ Kartenmaterial und Wanderbrosch\u00fcre mit detaillierten Informationen<\/em><br \/><em>\/ WLAN im ganzen Haus (kostenlos)<\/em><br \/><em>\/ Tiefgarage<\/em><br \/><em>\/ Indoor Ski-Depot im Winter<\/em><br \/><em>\/ Indoor Bike-Depot im Sommer<\/em><br \/><em>\/ Kinderspielraum<\/em><br \/><em>\/ Mobil card<\/em><\/p>\t\t\t\t\t\t\t\t<\/div>\n\t\t\t\t<\/div>\n\t\t\t\t<\/div>\n\t\t\t\t\t<\/details>\n\t\t\t\t\t\t<details id=\"e-n-accordion-item-2661\" class=\"e-n-accordion-item\" >\n\t\t\t\t<summary class=\"e-n-accordion-item-title\" data-accordion-index=\"2\" tabindex=\"-1\" aria-expanded=\"false\" aria-controls=\"e-n-accordion-item-2661\" >\n\t\t\t\t\t<span class='e-n-accordion-item-title-header'><div class=\"e-n-accordion-item-title-text\"> Spa <\/div><\/span>\n\t\t\t\t\t\t\t<span class='e-n-accordion-item-title-icon'>\n\t\t\t<span class='e-opened' ><svg aria-hidden=\"true\" class=\"e-font-icon-svg e-fas-minus\" viewbox=\"0 0 448 512\" xmlns=\"http:\/\/www.w3.org\/2000\/svg\"><path d=\"M416 208H32c-17.67 0-32 14.33-32 32v32c0 17.67 14.33 32 32 32h384c17.67 0 32-14.33 32-32v-32c0-17.67-14.33-32-32-32z\"><\/path><\/svg><\/span>\n\t\t\t<span class='e-closed'><svg aria-hidden=\"true\" class=\"e-font-icon-svg e-fas-plus\" viewbox=\"0 0 448 512\" xmlns=\"http:\/\/www.w3.org\/2000\/svg\"><path d=\"M416 208H272V64c0-17.67-14.33-32-32-32h-32c-17.67 0-32 14.33-32 32v144H32c-17.67 0-32 14.33-32 32v32c0 17.67 14.33 32 32 32h144v144c0 17.67 14.33 32 32 32h32c17.67 0 32-14.33 32-32V304h144c17.67 0 32-14.33 32-32v-32c0-17.67-14.33-32-32-32z\"><\/path><\/svg><\/span>\n\t\t<\/span>\n\n\t\t\t\t\t\t<\/summary>\n\t\t\t\t<div role=\"region\" aria-labelledby=\"e-n-accordion-item-2661\" class=\"elementor-element elementor-element-5d6b726 e-con-full e-flex e-con e-child\" data-id=\"5d6b726\" data-element_type=\"container\" data-e-type=\"container\" data-settings=\"{&quot;background_background&quot;:&quot;classic&quot;}\">\n\t\t\t\t<div class=\"elementor-element elementor-element-1ae7a5e elementor-widget elementor-widget-text-editor\" data-id=\"1ae7a5e\" data-element_type=\"widget\" data-e-type=\"widget\" data-widget_type=\"text-editor.default\">\n\t\t\t\t<div class=\"elementor-widget-container\">\n\t\t\t\t\t\t\t\t\t<p>Unser Wellness &amp; SPA Bereich \u201eAlpine\u201c\u2026 zum Entspannen:<\/p><p><em>\/ Panorama-Indoor-Pool (30\u00b0) mit Wasserfall und separatem Whirlpool (34\u00b0)<\/em><br \/><em>\/ Saunawelt mit Tiroler Stubensauna, Brechelbad mit frischen Tannenzweigen und T\u00fcrkischem Dampfbad<\/em><br \/><em>\/ Erlebnisdusche mit Fruchtessenz<\/em><br \/><em>\/ Ruheoase mit Wasserliegen und heimischen Zirbelholzbetten, sowie Liegewiese im Sommer mit Dolomitenblick<\/em><br \/><em>\/ Wellnesstasche im Zimmer mit kuscheligem Bademantel, Saunahandtuch und Slippers<\/em><br \/><em>\/ Vanity Set von Aloe Vera<\/em><br \/><em>\/ Frigidarium, der erfrischende Alpine-Luft-Bereich<\/em><br \/><em>\/ Entspannende Detox-Tees im Saunabereich<\/em><\/p>\t\t\t\t\t\t\t\t<\/div>\n\t\t\t\t<\/div>\n\t\t\t\t<\/div>\n\t\t\t\t\t<\/details>\n\t\t\t\t\t\t<details id=\"e-n-accordion-item-2662\" class=\"e-n-accordion-item\" >\n\t\t\t\t<summary class=\"e-n-accordion-item-title\" data-accordion-index=\"3\" tabindex=\"-1\" aria-expanded=\"false\" aria-controls=\"e-n-accordion-item-2662\" >\n\t\t\t\t\t<span class='e-n-accordion-item-title-header'><div class=\"e-n-accordion-item-title-text\"> Active <\/div><\/span>\n\t\t\t\t\t\t\t<span class='e-n-accordion-item-title-icon'>\n\t\t\t<span class='e-opened' ><svg aria-hidden=\"true\" class=\"e-font-icon-svg e-fas-minus\" viewbox=\"0 0 448 512\" xmlns=\"http:\/\/www.w3.org\/2000\/svg\"><path d=\"M416 208H32c-17.67 0-32 14.33-32 32v32c0 17.67 14.33 32 32 32h384c17.67 0 32-14.33 32-32v-32c0-17.67-14.33-32-32-32z\"><\/path><\/svg><\/span>\n\t\t\t<span class='e-closed'><svg aria-hidden=\"true\" class=\"e-font-icon-svg e-fas-plus\" viewbox=\"0 0 448 512\" xmlns=\"http:\/\/www.w3.org\/2000\/svg\"><path d=\"M416 208H272V64c0-17.67-14.33-32-32-32h-32c-17.67 0-32 14.33-32 32v144H32c-17.67 0-32 14.33-32 32v32c0 17.67 14.33 32 32 32h144v144c0 17.67 14.33 32 32 32h32c17.67 0 32-14.33 32-32V304h144c17.67 0 32-14.33 32-32v-32c0-17.67-14.33-32-32-32z\"><\/path><\/svg><\/span>\n\t\t<\/span>\n\n\t\t\t\t\t\t<\/summary>\n\t\t\t\t<div role=\"region\" aria-labelledby=\"e-n-accordion-item-2662\" class=\"elementor-element elementor-element-f548715 e-con-full e-flex e-con e-child\" data-id=\"f548715\" data-element_type=\"container\" data-e-type=\"container\" data-settings=\"{&quot;background_background&quot;:&quot;classic&quot;}\">\n\t\t\t\t<div class=\"elementor-element elementor-element-eb2c02c elementor-widget elementor-widget-text-editor\" data-id=\"eb2c02c\" data-element_type=\"widget\" data-e-type=\"widget\" data-widget_type=\"text-editor.default\">\n\t\t\t\t<div class=\"elementor-widget-container\">\n\t\t\t\t\t\t\t\t\t<p>Wir sind \"Selva Active Partner\"\u2026 zum Erleben:<\/p><p><em>\/ Als Partner k\u00f6nnen Sie kostenlos oder zu einem erm\u00e4\u00dfigten Preis an dem Sportprogramm teilnehmen.<\/em><\/p><p>\u00a0<\/p><p>Entdecken Sie die Dolomiten zusammen mit den Selva Active Guides auf Wanderungen, Mountainbiketouren, Skitouren, Skibergsteigen, Schneeschuhwandern und vielem mehr.<\/p>\t\t\t\t\t\t\t\t<\/div>\n\t\t\t\t<\/div>\n\t\t\t\t<\/div>\n\t\t\t\t\t<\/details>\n\t\t\t\t\t<\/div>\n\t\t\t\t\t\t<\/div>\n\t\t\t\t<\/div>\n\t\t\t\t\t<\/div>\n\t\t\t\t<\/div>\n\t\t\t\t<\/div>","protected":false},"excerpt":{"rendered":"<p>InvernoOfferte Divertimento sugli sci 01.02. &#8211; 08.02.2025 Ottobre 24, 2024All&#039;offerta InvernoOfferte Dolomiti Springdays 15.03. &#8211; 02.04.2025 Ottobre 24, 2024All&#039;offerta EstateOfferte&hellip; <a class=\"more-link\" href=\"https:\/\/www.hotelsunvalley.it\/de\/dolomiti-active-day-05-09-13-09-2026\/\">Read more &raquo;<\/a><\/p>","protected":false},"author":1,"featured_media":1472,"parent":0,"menu_order":7,"comment_status":"closed","ping_status":"closed","template":"","meta":{"footnotes":""},"class_list":["post-3223","page","type-page","status-publish","has-post-thumbnail","hentry"],"aioseo_notices":[],"_links":{"self":[{"href":"https:\/\/www.hotelsunvalley.it\/de\/wp-json\/wp\/v2\/pages\/3223","targetHints":{"allow":["GET"]}}],"collection":[{"href":"https:\/\/www.hotelsunvalley.it\/de\/wp-json\/wp\/v2\/pages"}],"about":[{"href":"https:\/\/www.hotelsunvalley.it\/de\/wp-json\/wp\/v2\/types\/page"}],"author":[{"embeddable":true,"href":"https:\/\/www.hotelsunvalley.it\/de\/wp-json\/wp\/v2\/users\/1"}],"replies":[{"embeddable":true,"href":"https:\/\/www.hotelsunvalley.it\/de\/wp-json\/wp\/v2\/comments?post=3223"}],"version-history":[{"count":35,"href":"https:\/\/www.hotelsunvalley.it\/de\/wp-json\/wp\/v2\/pages\/3223\/revisions"}],"predecessor-version":[{"id":6603,"href":"https:\/\/www.hotelsunvalley.it\/de\/wp-json\/wp\/v2\/pages\/3223\/revisions\/6603"}],"wp:featuredmedia":[{"embeddable":true,"href":"https:\/\/www.hotelsunvalley.it\/de\/wp-json\/wp\/v2\/media\/1472"}],"wp:attachment":[{"href":"https:\/\/www.hotelsunvalley.it\/de\/wp-json\/wp\/v2\/media?parent=3223"}],"curies":[{"name":"wp","href":"https:\/\/api.w.org\/{rel}","templated":true}]}}